{"id":8006,"date":"2021-04-21T16:07:15","date_gmt":"2021-04-21T14:07:15","guid":{"rendered":"https:\/\/traullit.se\/produkter\/yttervagg\/"},"modified":"2022-06-01T16:03:27","modified_gmt":"2022-06-01T14:03:27","slug":"exterior-walls","status":"publish","type":"page","link":"https:\/\/traullit.se\/en\/products\/exterior-walls\/","title":{"rendered":"Exterior Walls"},"content":{"rendered":"\n<div id=\"split-hero-block_6082caa25c0c6\" class=\"split-hero traullit-block container reveal px-page-margin-12 px-sm-page-margin-12 px-md-page-margin-20 px-lg-page-margin-24  d-layout\">\n    <div class=\"row mx-n1 mx-sm-n1 mx-md-n2 mx-lg-n3 mx-xl-n4 mx-xxl-n5\">\n        <div class=\"col-lg-6 px-1 px-sm-1 px-md-2 px-lg-3 px-xl-4 px-xxl-5 order-2  img-col\">\n            <div id=\"split-hero-block_6082caa25c0c6-carousel\" class=\"carousel slide carousel-fade  reveal-delay \" data-bs-ride=\"carousel\">\n                <div class=\"carousel-inner\">\n                                            <div class=\"carousel-item active\" data-title=\"Tr\u00e4ullit Wall Element\" data-pretitle=\"Case: Villa Torslanda\" data-url=\"https:\/\/traullit.se\/en\/cases\/torslanda\/\" data-target=\"\">\n                            <div class=\"image-container\">\n                                <img decoding=\"async\" loading=\"lazy\" src=\"https:\/\/traullit.se\/wp-content\/uploads\/2021\/06\/330f8d5110cdaf819928d4e171ad3956-700x700.jpg\" srcset=\"https:\/\/traullit.se\/wp-content\/uploads\/2021\/06\/330f8d5110cdaf819928d4e171ad3956-700x700.jpg 700w, https:\/\/traullit.se\/wp-content\/uploads\/2021\/06\/330f8d5110cdaf819928d4e171ad3956-150x150.jpg 150w, https:\/\/traullit.se\/wp-content\/uploads\/2021\/06\/330f8d5110cdaf819928d4e171ad3956-350x350.jpg 350w\"  alt=\"\" width=\"700\" height=\"700\">\n                            <\/div>\n                        <\/div>\n                                            <div class=\"carousel-item \" data-title=\"Tr\u00e4ullit Wall Element\" data-pretitle=\"Case: Villa Tordsson\" data-url=\"https:\/\/traullit.se\/en\/cases\/villa-tordsson\/\" data-target=\"\">\n                            <div class=\"image-container\">\n                                <img decoding=\"async\" loading=\"lazy\" src=\"https:\/\/traullit.se\/wp-content\/uploads\/2021\/05\/15-2020-11-30_Johanna-Hallin_15Omslag-700x700.jpg\" srcset=\"https:\/\/traullit.se\/wp-content\/uploads\/2021\/05\/15-2020-11-30_Johanna-Hallin_15Omslag-700x700.jpg 700w, https:\/\/traullit.se\/wp-content\/uploads\/2021\/05\/15-2020-11-30_Johanna-Hallin_15Omslag-150x150.jpg 150w, https:\/\/traullit.se\/wp-content\/uploads\/2021\/05\/15-2020-11-30_Johanna-Hallin_15Omslag-1400x1400.jpg 1400w, https:\/\/traullit.se\/wp-content\/uploads\/2021\/05\/15-2020-11-30_Johanna-Hallin_15Omslag-350x350.jpg 350w\"  alt=\"\" width=\"700\" height=\"700\">\n                            <\/div>\n                        <\/div>\n                                    <\/div>\n                <div class=\"slider-control\">\n                    <div class=\"content-left\">\n                                                    <a class=\"slide-link\" href=\"https:\/\/traullit.se\/en\/cases\/torslanda\/\" target=\"\">\n                                                <div class=\"slide-pretitle\">Case: Villa Torslanda<\/div>\n                            <h3 class=\"slide-title\">\n                            Tr\u00e4ullit Wall Element                            <\/h3>\n                        <\/a>\n                        <div class=\"carousel-indicators\">\n                                                                                        <button type=\"button\" data-bs-target=\"#split-hero-block_6082caa25c0c6-carousel\" data-bs-slide-to=\"0\"  class=\"active\" aria-current=\"true\"  aria-label=\"Slide 1\"><\/button>\n                                                            <button type=\"button\" data-bs-target=\"#split-hero-block_6082caa25c0c6-carousel\" data-bs-slide-to=\"1\"  aria-label=\"Slide 2\"><\/button>\n                                                                                <\/div>\n                    <\/div>\n                    <div class=\"content-right text-right\">\n                        <button class=\"traullit-slider-prev\" type=\"button\" data-bs-target=\"#split-hero-block_6082caa25c0c6-carousel\" data-bs-slide=\"prev\">\n                          \n            <svg width=\"18px\" height=\"30px\" viewBox=\"0 0 18 30\" version=\"1.1\" xmlns=\"http:\/\/www.w3.org\/2000\/svg\" xmlns:xlink=\"http:\/\/www.w3.org\/1999\/xlink\">\n                <g id=\"DESIGN\" stroke=\"none\" stroke-width=\"1\" fill=\"none\" fill-rule=\"evenodd\" stroke-linecap=\"square\">\n                    <g id=\"Hero-slider\/Generic\/Desktop\" transform=\"translate(-381.000000, -635.000000)\" stroke=\"#385259\" stroke-width=\"4\">\n                        <g id=\"Group-9\" transform=\"translate(0.000000, 600.000000)\">\n                            <g id=\"Group-8\" transform=\"translate(340.000000, 0.000000)\">\n                                <path d=\"M44.1643836,38 L56,49.7622534 M55.8356164,50.2377466 L44,62\" id=\"Combined-Shape\" transform=\"translate(50.000000, 50.000000) scale(-1, 1) translate(-50.000000, -50.000000) \"><\/path>\n                            <\/g>\n                        <\/g>\n                    <\/g>\n                <\/g>\n            <\/svg>\n                                        <span class=\"visually-hidden\">Previous<\/span>\n                        <\/button>\n                        <button class=\"traullit-slider-next\" type=\"button\" data-bs-target=\"#split-hero-block_6082caa25c0c6-carousel\" data-bs-slide=\"next\">\n                                        <svg width=\"18px\" height=\"30px\" viewBox=\"0 0 18 30\" version=\"1.1\" xmlns=\"http:\/\/www.w3.org\/2000\/svg\" xmlns:xlink=\"http:\/\/www.w3.org\/1999\/xlink\">\n                <g id=\"DESIGN\" stroke=\"none\" stroke-width=\"1\" fill=\"none\" fill-rule=\"evenodd\" stroke-linecap=\"square\">\n                    <g id=\"Hero-slider\/Generic\/Desktop\" transform=\"translate(-481.000000, -635.000000)\" stroke=\"#385259\" stroke-width=\"4\">\n                        <g id=\"Group-9\" transform=\"translate(0.000000, 600.000000)\">\n                            <g id=\"Group-3\" transform=\"translate(340.000000, 0.000000)\">\n                                <g id=\"Group-8-Copy\" transform=\"translate(100.000000, 0.000000)\">\n                                    <path d=\"M44.1643836,38 L56,49.7622534 M55.8356164,50.2377466 L44,62\" id=\"Combined-Shape\"><\/path>\n                                <\/g>\n                            <\/g>\n                        <\/g>\n                    <\/g>\n                <\/g>\n            <\/svg>\n                                        <span class=\"visually-hidden\">Next<\/span>\n                        <\/button>\n                    <\/div>\n                <\/div>\n            <\/div>\n        <\/div>\n        <div class=\"col-lg-6 px-1 px-sm-1 px-md-2 px-lg-3 px-xl-4 px-xxl-5 order-1  text-col\">\n            <div class=\"content-part \" style=\" \">\n                                    <div class=\"traullit-breadcrumb\">\n                        \t<a href=\"https:\/\/traullit.se\/en\/\">Home<\/a>\n\t                    <\/div>\n                                                <div class=\"inner-blocks-container\">\n                    \n\n<h1 class=\"wp-block-heading\">Tr\u00e4ullit Exterior Walls<\/h1>\n\n\n\n<p><strong>For a sustainable, functional, and organic construction <\/strong><br>Exterior walls from Tr\u00e4ullit have been used to construct natural and energy-effective buildings for more than 70 years. They offer excellent thermal insulation, sound absorption, high resistance to fire, mold, and rot, solid mechanical strength, and provide a firm foundation for mineral plasters. The superior heat storage capacity helps create a balanced indoor climate with fewer fluctuations in air temperature and lower energy costs.<br><br>Tr\u00e4ullits assortment of exterior wall products consists of <strong><a href=\"https:\/\/traullit.se\/en\/product\/wall-element\/\">Tr\u00e4ullit Wall Element<\/a><\/strong>, <meta charset=\"utf-8\"><a href=\"https:\/\/traullit.se\/en\/product\/plaster-base\/\"><strong>Tr\u00e4ullit Plaster Base<\/strong><\/a>, and <strong><a href=\"https:\/\/traullit.se\/en\/product\/compact-element\/\">Tr\u00e4ullit Compact Element<\/a><\/strong>.<\/p>\n\n\n<div id=\"anchor-block-block_6082cab75c0c7\" class=\"anchor-block traullit-block anchors\">\n    <ul>\n            <li >\n            <a href=\"#las_mer\" data-scrollto=\"#las_mer\" class=\"anchor-link \"><ion-icon name=\"arrow-down-circle-outline\"><\/ion-icon> Learn more<\/a>\n                    <\/li>\n        <\/ul>\n<\/div>\n \n                <\/div>\n            <\/div>\n        <\/div>\n    <\/div>\n<\/div>\n\n\n<div class=\"block-bg reveal \"  style=\"background-color: #f2f2f2\" >\n    <div id=\"product-block-block_62974f1d7dad6\" class=\"product-block traullit-block container reveal px-page-margin-12 px-sm-page-margin-12 px-md-page-margin-20 px-lg-page-margin-24 \">\n        <div class=\"row mx-n1 mx-sm-n1 mx-md-n2 mx-lg-n3 mx-xl-n4 mx-xxl-n5\">\n        <div class=\"col-12 px-1 px-sm-1 px-md-2 px-lg-3 px-xl-4 px-xxl-5\">\n            <h2 class=\"h1\">Products<\/h2>\n        <\/div>\n                                <div class=\"col-lg-4 col-sm-6 px-1 px-sm-1 px-md-2 px-lg-3 px-xl-4 px-xxl-5 cat-view\">\n                                                            <a href=\"https:\/\/traullit.se\/en\/product\/wall-element\/\">\n                                                        <h2>Tr\u00e4ullit Wall Element<\/h2>\n                                                        <div class=\"cat-img-container\">\n                                <img decoding=\"async\" loading=\"lazy\" class=\"cat-img\" src=\"https:\/\/traullit.se\/wp-content\/uploads\/2021\/08\/Ytterva\u0308gg-Helva\u0308ggselement-1-435x250.jpg\" srcset=\"https:\/\/traullit.se\/wp-content\/uploads\/2021\/08\/Ytterva\u0308gg-Helva\u0308ggselement-1-435x250.jpg 435w, https:\/\/traullit.se\/wp-content\/uploads\/2021\/08\/Ytterva\u0308gg-Helva\u0308ggselement-1-870x500.jpg 870w, https:\/\/traullit.se\/wp-content\/uploads\/2021\/08\/Ytterva\u0308gg-Helva\u0308ggselement-1-290x167.jpg 290w\"  alt=\"\" width=\"435\" height=\"218\">\n                            <\/div>\n                                                            <\/a>\n                                                        <p>Tr\u00e4ullit Wall Element is a unique building system of cement-bonded wood wool that offers the market a natural, homogenous, and insulated exterior wall with many functional characteristics. Tr\u00e4ullit Wall Element has a superior heat accumulation. It stores heat that is emitted when the air temperatures fall, contributing to a consistent, comfortable indoor climate without fluctuations in air temperature and with lower energy costs as a result. In addition, the product offers excellent thermal insulation, sound absorption, resistance to fire, mold, and rot, solid mechanical strength, and provides a great foundation for mineral plasters. The wall elements are customized for every project and are pre-cast at Tr\u00e4ullit&#8217;s factory, allowing for a very swift construction period. <\/p>\n                    <\/div>\n                                    <div class=\"col-lg-4 col-sm-6 px-1 px-sm-1 px-md-2 px-lg-3 px-xl-4 px-xxl-5 cat-view\">\n                                                            <a href=\"https:\/\/traullit.se\/en\/product\/plaster-base\/\">\n                                                        <h2>Tr\u00e4ullit Plaster Base<\/h2>\n                                                        <div class=\"cat-img-container\">\n                                <img decoding=\"async\" loading=\"lazy\" class=\"cat-img\" src=\"https:\/\/traullit.se\/wp-content\/uploads\/2021\/06\/Ytterva\u0308gg-Putsba\u0308rare-435x250.jpg\" srcset=\"https:\/\/traullit.se\/wp-content\/uploads\/2021\/06\/Ytterva\u0308gg-Putsba\u0308rare-435x250.jpg 435w, https:\/\/traullit.se\/wp-content\/uploads\/2021\/06\/Ytterva\u0308gg-Putsba\u0308rare-870x500.jpg 870w, https:\/\/traullit.se\/wp-content\/uploads\/2021\/06\/Ytterva\u0308gg-Putsba\u0308rare-290x167.jpg 290w\"  alt=\"\" width=\"435\" height=\"218\">\n                            <\/div>\n                                                            <\/a>\n                                                        <p>Tr\u00e4ullit Plaster Base is a thermally insulating exterior wall product that combines swift installation periods with functional characteristics. The cement-bonded wood wool panel have pre-molded ducting channels that reduces installation time since battening of the wall is not required. The parts of the wood wool panel that are installed in direct contact with the base are fitted with vapor barriers. Tr\u00e4ullit Plaster Bases are homogenous, with a firm surface structure, which makes for an excellent foundation for mineral-based plasters. It is an organic and natural product that combines versatile characteristics with function. Tr\u00e4ullit has been used as thermally insulating plaster bases for more than 70 years.<\/p>\n                    <\/div>\n                                    <div class=\"col-lg-4 col-sm-6 px-1 px-sm-1 px-md-2 px-lg-3 px-xl-4 px-xxl-5 cat-view\">\n                                                            <a href=\"https:\/\/traullit.se\/en\/product\/compact-element\/\">\n                                                        <h2>Tr\u00e4ullit Compact Element<\/h2>\n                                                        <div class=\"cat-img-container\">\n                                <img decoding=\"async\" loading=\"lazy\" class=\"cat-img\" src=\"https:\/\/traullit.se\/wp-content\/uploads\/2021\/04\/Ytterva\u0308gg-Byggelement-435x250.jpg\" srcset=\"https:\/\/traullit.se\/wp-content\/uploads\/2021\/04\/Ytterva\u0308gg-Byggelement-435x250.jpg 435w, https:\/\/traullit.se\/wp-content\/uploads\/2021\/04\/Ytterva\u0308gg-Byggelement-870x500.jpg 870w, https:\/\/traullit.se\/wp-content\/uploads\/2021\/04\/Ytterva\u0308gg-Byggelement-290x167.jpg 290w\"  alt=\"\" width=\"435\" height=\"218\">\n                            <\/div>\n                                                            <\/a>\n                                                        <p>Tr\u00e4ullit Compact Element is for building holiday homes, garages, guest houses, garden sheds, and other smaller constructions. The cement-bonded wood wool wall elements are reinforced with round timber for greater solidity and carrying capacity and offer the same acknowledged functional characteristics as all of Tr\u00e4ullits products. A swift and simple installing, high resistance to fire, mold, and rot, excellent thermal insulation, heat accumulation, and low U-values make Tr\u00e4ullit Compact Element an excellent choice for smaller constructions. <\/p>\n                    <\/div>\n                        <\/div>\n    <\/div>\n\n    \n<\/div>\n\n<div class=\"block-bg reveal \"  style=\"background-color: #FFFFFF\" >\n    <div id=\"banner-block-block_6082cdd3ee184\" class=\"banner-block traullit-block container px-page-margin-12 px-sm-page-margin-12 px-md-page-margin-20 px-lg-page-margin-24 \">\n        <div class=\"row mx-n1 mx-sm-n1 mx-md-n2 mx-lg-n3 mx-xl-n4 mx-xxl-n5\">\n                         \n            \n                    <div class=\"col-lg-4 col-sm-6 px-1 px-sm-1 px-md-2 px-lg-3 px-xl-4 px-xxl-5 banner-col\">\n                                                    <a href=\"https:\/\/traullit.se\/en\/news\/ecophon-traullit-saga\/\">\n                                                    <div class=\"banner-content h-100 news\">\n                                <div class=\"img-container\">\n                                    \n                                    <img loading=\"lazy\" decoding=\"async\" class=\"banner-img\" src=\"https:\/\/traullit.se\/wp-content\/uploads\/2026\/04\/Nyheter-Mall-EN-435x250.jpg\" srcset=\"https:\/\/traullit.se\/wp-content\/uploads\/2026\/04\/Nyheter-Mall-EN-435x250.jpg 435w, https:\/\/traullit.se\/wp-content\/uploads\/2026\/04\/Nyheter-Mall-EN-870x500.jpg 870w, https:\/\/traullit.se\/wp-content\/uploads\/2026\/04\/Nyheter-Mall-EN-290x167.jpg 290w\" width=\"435\" height=\"250\" alt=\"Tr\u00e4ullit Akustik is now Ecophon Tr\u00e4ullit Saga \u2014 available through Ecophon\">\n                                <\/div>\n                                <div class=\"text\">\n                                    <span class=\"pretitle h5\">\n                                        7 April, 2026                                    <\/span>\n                                    <h3 class=\"h2\">\n\n                                    Tr\u00e4ullit Akustik is now Ecophon Tr\u00e4ullit Saga \u2014 available through Ecophon                                    <\/h3>\n                                <\/div>\n                            <\/div>\n                                                    <\/a>\n                                            <\/div>\n                 \n            \n                    <div class=\"col-lg-4 col-sm-6 px-1 px-sm-1 px-md-2 px-lg-3 px-xl-4 px-xxl-5 banner-col\">\n                                                    <a href=\"https:\/\/traullit.se\/en\/news\/closed-for-the-summer-weeks-29-31\/\">\n                                                    <div class=\"banner-content h-100 news\">\n                                <div class=\"img-container\">\n                                    \n                                    <img loading=\"lazy\" decoding=\"async\" class=\"banner-img\" src=\"https:\/\/traullit.se\/wp-content\/uploads\/2025\/06\/marko-kelecevic-1gMmmVdcIl8-unsplash-435x250.jpg\" srcset=\"https:\/\/traullit.se\/wp-content\/uploads\/2025\/06\/marko-kelecevic-1gMmmVdcIl8-unsplash-435x250.jpg 435w, https:\/\/traullit.se\/wp-content\/uploads\/2025\/06\/marko-kelecevic-1gMmmVdcIl8-unsplash-870x500.jpg 870w, https:\/\/traullit.se\/wp-content\/uploads\/2025\/06\/marko-kelecevic-1gMmmVdcIl8-unsplash-290x167.jpg 290w\" width=\"435\" height=\"250\" alt=\"Closed for the summer: weeks 29-31\">\n                                <\/div>\n                                <div class=\"text\">\n                                    <span class=\"pretitle h5\">\n                                        9 June, 2025                                    <\/span>\n                                    <h3 class=\"h2\">\n\n                                    Closed for the summer: weeks 29-31                                    <\/h3>\n                                <\/div>\n                            <\/div>\n                                                    <\/a>\n                                            <\/div>\n                 \n            \n                    <div class=\"col-lg-4 col-sm-6 px-1 px-sm-1 px-md-2 px-lg-3 px-xl-4 px-xxl-5 banner-col\">\n                                                    <a href=\"https:\/\/traullit.se\/en\/news\/traullit-acoustic-awarded-the-eurofins-iac-gold-certificate\/\">\n                                                    <div class=\"banner-content h-100 news\">\n                                <div class=\"img-container\">\n                                    \n                                    <img loading=\"lazy\" decoding=\"async\" class=\"banner-img\" src=\"https:\/\/traullit.se\/wp-content\/uploads\/2024\/08\/Nyheter-Mall1-1-435x250.jpg\" srcset=\"https:\/\/traullit.se\/wp-content\/uploads\/2024\/08\/Nyheter-Mall1-1-435x250.jpg 435w, https:\/\/traullit.se\/wp-content\/uploads\/2024\/08\/Nyheter-Mall1-1-870x500.jpg 870w, https:\/\/traullit.se\/wp-content\/uploads\/2024\/08\/Nyheter-Mall1-1-290x167.jpg 290w\" width=\"435\" height=\"250\" alt=\"Tr\u00e4ullit Acoustic awarded the Eurofins IAC Gold Certificate!\">\n                                <\/div>\n                                <div class=\"text\">\n                                    <span class=\"pretitle h5\">\n                                        28 August, 2024                                    <\/span>\n                                    <h3 class=\"h2\">\n\n                                    Tr\u00e4ullit Acoustic awarded the Eurofins IAC Gold Certificate!                                    <\/h3>\n                                <\/div>\n                            <\/div>\n                                                    <\/a>\n                                            <\/div>\n                \n                    <\/div>\n    <\/div>\n<\/div>","protected":false},"excerpt":{"rendered":"","protected":false},"author":1,"featured_media":0,"parent":7999,"menu_order":0,"comment_status":"closed","ping_status":"closed","template":"","meta":{"_acf_changed":false,"footnotes":""},"class_list":["post-8006","page","type-page","status-publish","hentry"],"acf":[],"yoast_head":"<!-- This site is optimized with the Yoast SEO plugin v27.3 - https:\/\/yoast.com\/product\/yoast-seo-wordpress\/ -->\n<title>Exterior Walls | Tr\u00e4ullit<\/title>\n<meta name=\"description\" content=\"Tr\u00e4ullit Exterior Walls For a sustainable, functional, and organic construction Exterior walls from Tr\u00e4ullit have been used to construct natural and\" \/>\n<meta name=\"robots\" content=\"index, follow, max-snippet:-1, max-image-preview:large, max-video-preview:-1\" \/>\n<link rel=\"canonical\" href=\"https:\/\/traullit.se\/produkter\/yttervagg\/\" \/>\n<meta property=\"og:locale\" content=\"en_US\" \/>\n<meta property=\"og:type\" content=\"article\" \/>\n<meta property=\"og:title\" content=\"Exterior Walls | Tr\u00e4ullit\" \/>\n<meta property=\"og:description\" content=\"Tr\u00e4ullit Exterior Walls For a sustainable, functional, and organic construction Exterior walls from Tr\u00e4ullit have been used to construct natural and\" \/>\n<meta property=\"og:url\" content=\"https:\/\/traullit.se\/produkter\/yttervagg\/\" \/>\n<meta property=\"og:site_name\" content=\"Tr\u00e4ullit\" \/>\n<meta property=\"article:modified_time\" content=\"2022-06-01T14:03:27+00:00\" \/>\n<meta name=\"twitter:card\" content=\"summary_large_image\" \/>\n<script type=\"application\/ld+json\" class=\"yoast-schema-graph\">{\"@context\":\"https:\\\/\\\/schema.org\",\"@graph\":[{\"@type\":\"WebPage\",\"@id\":\"https:\\\/\\\/traullit.se\\\/produkter\\\/yttervagg\\\/\",\"url\":\"https:\\\/\\\/traullit.se\\\/produkter\\\/yttervagg\\\/\",\"name\":\"Exterior Walls | Tr\u00e4ullit\",\"isPartOf\":{\"@id\":\"https:\\\/\\\/traullit.se\\\/#website\"},\"datePublished\":\"2021-04-21T14:07:15+00:00\",\"dateModified\":\"2022-06-01T14:03:27+00:00\",\"description\":\"Tr\u00e4ullit Exterior Walls For a sustainable, functional, and organic construction Exterior walls from Tr\u00e4ullit have been used to construct natural and\",\"breadcrumb\":{\"@id\":\"https:\\\/\\\/traullit.se\\\/produkter\\\/yttervagg\\\/#breadcrumb\"},\"inLanguage\":\"en-US\",\"potentialAction\":[{\"@type\":\"ReadAction\",\"target\":[\"https:\\\/\\\/traullit.se\\\/produkter\\\/yttervagg\\\/\"]}]},{\"@type\":\"BreadcrumbList\",\"@id\":\"https:\\\/\\\/traullit.se\\\/produkter\\\/yttervagg\\\/#breadcrumb\",\"itemListElement\":[{\"@type\":\"ListItem\",\"position\":1,\"name\":\"Hem\",\"item\":\"https:\\\/\\\/traullit.se\\\/en\\\/startsida\\\/\"},{\"@type\":\"ListItem\",\"position\":2,\"name\":\"Products\",\"item\":\"https:\\\/\\\/traullit.se\\\/en\\\/products\\\/\"},{\"@type\":\"ListItem\",\"position\":3,\"name\":\"Exterior Walls\"}]},{\"@type\":\"WebSite\",\"@id\":\"https:\\\/\\\/traullit.se\\\/#website\",\"url\":\"https:\\\/\\\/traullit.se\\\/\",\"name\":\"Tr\u00e4ullit\",\"description\":\"Wood wool, water and cement. Since 1946.\",\"potentialAction\":[{\"@type\":\"SearchAction\",\"target\":{\"@type\":\"EntryPoint\",\"urlTemplate\":\"https:\\\/\\\/traullit.se\\\/?s={search_term_string}\"},\"query-input\":{\"@type\":\"PropertyValueSpecification\",\"valueRequired\":true,\"valueName\":\"search_term_string\"}}],\"inLanguage\":\"en-US\"}]}<\/script>\n<!-- \/ Yoast SEO plugin. -->","yoast_head_json":{"title":"Exterior Walls | Tr\u00e4ullit","description":"Tr\u00e4ullit Exterior Walls For a sustainable, functional, and organic construction Exterior walls from Tr\u00e4ullit have been used to construct natural and","robots":{"index":"index","follow":"follow","max-snippet":"max-snippet:-1","max-image-preview":"max-image-preview:large","max-video-preview":"max-video-preview:-1"},"canonical":"https:\/\/traullit.se\/produkter\/yttervagg\/","og_locale":"en_US","og_type":"article","og_title":"Exterior Walls | Tr\u00e4ullit","og_description":"Tr\u00e4ullit Exterior Walls For a sustainable, functional, and organic construction Exterior walls from Tr\u00e4ullit have been used to construct natural and","og_url":"https:\/\/traullit.se\/produkter\/yttervagg\/","og_site_name":"Tr\u00e4ullit","article_modified_time":"2022-06-01T14:03:27+00:00","twitter_card":"summary_large_image","schema":{"@context":"https:\/\/schema.org","@graph":[{"@type":"WebPage","@id":"https:\/\/traullit.se\/produkter\/yttervagg\/","url":"https:\/\/traullit.se\/produkter\/yttervagg\/","name":"Exterior Walls | Tr\u00e4ullit","isPartOf":{"@id":"https:\/\/traullit.se\/#website"},"datePublished":"2021-04-21T14:07:15+00:00","dateModified":"2022-06-01T14:03:27+00:00","description":"Tr\u00e4ullit Exterior Walls For a sustainable, functional, and organic construction Exterior walls from Tr\u00e4ullit have been used to construct natural and","breadcrumb":{"@id":"https:\/\/traullit.se\/produkter\/yttervagg\/#breadcrumb"},"inLanguage":"en-US","potentialAction":[{"@type":"ReadAction","target":["https:\/\/traullit.se\/produkter\/yttervagg\/"]}]},{"@type":"BreadcrumbList","@id":"https:\/\/traullit.se\/produkter\/yttervagg\/#breadcrumb","itemListElement":[{"@type":"ListItem","position":1,"name":"Hem","item":"https:\/\/traullit.se\/en\/startsida\/"},{"@type":"ListItem","position":2,"name":"Products","item":"https:\/\/traullit.se\/en\/products\/"},{"@type":"ListItem","position":3,"name":"Exterior Walls"}]},{"@type":"WebSite","@id":"https:\/\/traullit.se\/#website","url":"https:\/\/traullit.se\/","name":"Tr\u00e4ullit","description":"Wood wool, water and cement. Since 1946.","potentialAction":[{"@type":"SearchAction","target":{"@type":"EntryPoint","urlTemplate":"https:\/\/traullit.se\/?s={search_term_string}"},"query-input":{"@type":"PropertyValueSpecification","valueRequired":true,"valueName":"search_term_string"}}],"inLanguage":"en-US"}]}},"_links":{"self":[{"href":"https:\/\/traullit.se\/en\/wp-json\/wp\/v2\/pages\/8006","targetHints":{"allow":["GET"]}}],"collection":[{"href":"https:\/\/traullit.se\/en\/wp-json\/wp\/v2\/pages"}],"about":[{"href":"https:\/\/traullit.se\/en\/wp-json\/wp\/v2\/types\/page"}],"author":[{"embeddable":true,"href":"https:\/\/traullit.se\/en\/wp-json\/wp\/v2\/users\/1"}],"replies":[{"embeddable":true,"href":"https:\/\/traullit.se\/en\/wp-json\/wp\/v2\/comments?post=8006"}],"version-history":[{"count":0,"href":"https:\/\/traullit.se\/en\/wp-json\/wp\/v2\/pages\/8006\/revisions"}],"up":[{"embeddable":true,"href":"https:\/\/traullit.se\/en\/wp-json\/wp\/v2\/pages\/7999"}],"wp:attachment":[{"href":"https:\/\/traullit.se\/en\/wp-json\/wp\/v2\/media?parent=8006"}],"curies":[{"name":"wp","href":"https:\/\/api.w.org\/{rel}","templated":true}]}}