{"id":7993,"date":"2021-03-14T15:15:09","date_gmt":"2021-03-14T14:15:09","guid":{"rendered":"https:\/\/traullit.se\/kontakt\/"},"modified":"2022-11-08T16:26:08","modified_gmt":"2022-11-08T15:26:08","slug":"contact","status":"publish","type":"page","link":"https:\/\/traullit.se\/en\/contact\/","title":{"rendered":"Contact us"},"content":{"rendered":"<div class=\"block-bg reveal \"  >\n    <div id=\"traullit-container-block-block_6070036bdae96\" class=\"traullit-container-block container px-page-margin-12 px-sm-page-margin-12 px-md-page-margin-20 px-lg-page-margin-24  reveal    small-container \" >\n        \n\n<h1 class=\"has-text-align-center wp-block-heading\"><mark style=\"background-color:rgba(0, 0, 0, 0)\" class=\"has-inline-color has-bluegray-color\">Contact us<\/mark><\/h1>\n\n \n    <\/div>\n<\/div>\n\n\n\n<div class=\"block-bg reveal \"  style=\"background-color: #f2f2f2\" >\n    <div id=\"traullit-container-block-block_61360adc63722\" class=\"traullit-container-block container px-page-margin-12 px-sm-page-margin-12 px-md-page-margin-20 px-lg-page-margin-24  reveal   \" >\n        \n\n<div class=\"wp-block-columns is-layout-flex wp-container-core-columns-is-layout-9d6595d7 wp-block-columns-is-layout-flex\">\n<div class=\"wp-block-column is-layout-flow wp-block-column-is-layout-flow\">\n<figure class=\"wp-block-image size-large\"><img loading=\"lazy\" decoding=\"async\" width=\"1024\" height=\"683\" src=\"https:\/\/traullit.se\/wp-content\/uploads\/2021\/09\/Fabriken-1024x683.jpg\" alt=\"\" class=\"wp-image-6989\" srcset=\"https:\/\/traullit.se\/wp-content\/uploads\/2021\/09\/Fabriken-1024x683.jpg 1024w, https:\/\/traullit.se\/wp-content\/uploads\/2021\/09\/Fabriken-300x200.jpg 300w, https:\/\/traullit.se\/wp-content\/uploads\/2021\/09\/Fabriken-768x512.jpg 768w, https:\/\/traullit.se\/wp-content\/uploads\/2021\/09\/Fabriken-1536x1024.jpg 1536w, https:\/\/traullit.se\/wp-content\/uploads\/2021\/09\/Fabriken-2048x1366.jpg 2048w\" sizes=\"auto, (max-width: 1024px) 100vw, 1024px\" \/><\/figure>\n<\/div>\n\n\n\n<div class=\"wp-block-column is-layout-flow wp-block-column-is-layout-flow\">\n<h2 class=\"wp-block-heading\">Tr\u00e4ullit AB<\/h2>\n\n\n\n<p><meta charset=\"utf-8\"><strong>Production and corporate headquarters<\/strong><br>Tr\u00e4ullit AB<br>Fabriksgatan 2<br>573 74 Ydre, Sweden<br><br>Tel. +46 381-601 14<br><a href=\"mailto:info@traullit.se\">info@traullit.se<\/a><br><br><meta charset=\"utf-8\">For quotation requests: <a href=\"mailto:offert@traullit.se\">offert@traullit.se<\/a><br>For orders: <meta charset=\"utf-8\"><a href=\"mailto:order@traullit.se\">order@traullit.se<\/a><br>For invoices:  <meta charset=\"utf-8\"><a href=\"mailto:faktura@traullit.se\">faktura@traullit.se<\/a><\/p>\n<\/div>\n<\/div>\n\n \n    <\/div>\n<\/div>\n\n\n\n<div class=\"block-bg reveal \"  >\n    <div id=\"traullit-container-block-block_60ab3313022ff\" class=\"traullit-container-block container px-page-margin-12 px-sm-page-margin-12 px-md-page-margin-20 px-lg-page-margin-24  reveal   \" >\n        \n\n<div class=\"wp-block-columns is-layout-flex wp-container-core-columns-is-layout-9d6595d7 wp-block-columns-is-layout-flex\">\n<div class=\"wp-block-column is-layout-flow wp-block-column-is-layout-flow\">\n<h2 class=\"wp-block-heading\">Sales<\/h2>\n\n\n\n<p>For information regarding products, orders, and sales, please contact any of our salesmen directly. <br><\/p>\n<\/div>\n\n\n\n<div class=\"wp-block-column is-layout-flow wp-block-column-is-layout-flow\">\n<figure class=\"wp-block-image size-large\"><img loading=\"lazy\" decoding=\"async\" width=\"682\" height=\"1024\" src=\"https:\/\/traullit.se\/wp-content\/uploads\/2021\/09\/Pontus-1-682x1024.jpg\" alt=\"\" class=\"wp-image-7213\" srcset=\"https:\/\/traullit.se\/wp-content\/uploads\/2021\/09\/Pontus-1-682x1024.jpg 682w, https:\/\/traullit.se\/wp-content\/uploads\/2021\/09\/Pontus-1-200x300.jpg 200w, https:\/\/traullit.se\/wp-content\/uploads\/2021\/09\/Pontus-1-768x1152.jpg 768w, https:\/\/traullit.se\/wp-content\/uploads\/2021\/09\/Pontus-1-1024x1536.jpg 1024w, https:\/\/traullit.se\/wp-content\/uploads\/2021\/09\/Pontus-1-1365x2048.jpg 1365w, https:\/\/traullit.se\/wp-content\/uploads\/2021\/09\/Pontus-1.jpg 1706w\" sizes=\"auto, (max-width: 682px) 100vw, 682px\" \/><\/figure>\n\n\n\n<p><strong>Pontus Nilsson<\/strong><br>Sales<br>Northern district<br><a href=\"mailto:pontus@traullit.se\">pontus@traullit.se<\/a><br>Tel. <meta charset=\"utf-8\">+46 73-842 39 21<\/p>\n<\/div>\n\n\n\n<div class=\"wp-block-column is-layout-flow wp-block-column-is-layout-flow\">\n<figure class=\"wp-block-image size-large\"><img loading=\"lazy\" decoding=\"async\" width=\"683\" height=\"1024\" src=\"https:\/\/traullit.se\/wp-content\/uploads\/2021\/05\/Birgitta-683x1024.jpg\" alt=\"\" class=\"wp-image-5786\" srcset=\"https:\/\/traullit.se\/wp-content\/uploads\/2021\/05\/Birgitta-683x1024.jpg 683w, https:\/\/traullit.se\/wp-content\/uploads\/2021\/05\/Birgitta-200x300.jpg 200w, https:\/\/traullit.se\/wp-content\/uploads\/2021\/05\/Birgitta-768x1152.jpg 768w, https:\/\/traullit.se\/wp-content\/uploads\/2021\/05\/Birgitta-1024x1536.jpg 1024w, https:\/\/traullit.se\/wp-content\/uploads\/2021\/05\/Birgitta-1365x2048.jpg 1365w, https:\/\/traullit.se\/wp-content\/uploads\/2021\/05\/Birgitta-scaled.jpg 1707w\" sizes=\"auto, (max-width: 683px) 100vw, 683px\" \/><\/figure>\n\n\n\n<p><strong>Birgitta Rustby<\/strong><br>Inside sales, order processing, transport<br><a href=\"mailto:mail@shit.se\">birgitta@traullit.se<\/a><br>Tel. <meta charset=\"utf-8\">+46 381-601 14<\/p>\n<\/div>\n\n\n\n<div class=\"wp-block-column is-layout-flow wp-block-column-is-layout-flow\">\n<figure class=\"wp-block-image size-full\"><img loading=\"lazy\" decoding=\"async\" width=\"513\" height=\"769\" src=\"https:\/\/traullit.se\/wp-content\/uploads\/2022\/11\/joakim-1.jpg\" alt=\"\" class=\"wp-image-9939\" srcset=\"https:\/\/traullit.se\/wp-content\/uploads\/2022\/11\/joakim-1.jpg 513w, https:\/\/traullit.se\/wp-content\/uploads\/2022\/11\/joakim-1-200x300.jpg 200w\" sizes=\"auto, (max-width: 513px) 100vw, 513px\" \/><\/figure>\n\n\n\n<p><strong>Joakim Bystr\u00f6m<\/strong><br>Sales<br>Southern district<br><a href=\"mailto:joakim@traullit.se\">joakim@traullit.se<\/a><br>Tel: 070-223 41 78<\/p>\n<\/div>\n<\/div>\n\n \n    <\/div>\n<\/div>\n\n\n\n<div class=\"block-bg reveal \"  >\n    <div id=\"traullit-container-block-block_60a669b91fd9d\" class=\"traullit-container-block container px-page-margin-12 px-sm-page-margin-12 px-md-page-margin-20 px-lg-page-margin-24  reveal   \" >\n        \n\n<div class=\"wp-block-columns is-layout-flex wp-container-core-columns-is-layout-9d6595d7 wp-block-columns-is-layout-flex\">\n<div class=\"wp-block-column is-layout-flow wp-block-column-is-layout-flow\">\n<h2 class=\"wp-block-heading\">Management<\/h2>\n\n\n\n<p>Construction information and general inquiries regarding our products are referred to our technical support. For questions related to finance and sales, please contact our operative officer.<\/p>\n<\/div>\n\n\n\n<div class=\"wp-block-column is-layout-flow wp-block-column-is-layout-flow\">\n<figure class=\"wp-block-image size-large\"><img loading=\"lazy\" decoding=\"async\" width=\"683\" height=\"1024\" src=\"https:\/\/traullit.se\/wp-content\/uploads\/2021\/05\/Erik-1-683x1024.jpg\" alt=\"\" class=\"wp-image-5787\" srcset=\"https:\/\/traullit.se\/wp-content\/uploads\/2021\/05\/Erik-1-683x1024.jpg 683w, https:\/\/traullit.se\/wp-content\/uploads\/2021\/05\/Erik-1-200x300.jpg 200w, https:\/\/traullit.se\/wp-content\/uploads\/2021\/05\/Erik-1-768x1152.jpg 768w, https:\/\/traullit.se\/wp-content\/uploads\/2021\/05\/Erik-1-1024x1536.jpg 1024w, https:\/\/traullit.se\/wp-content\/uploads\/2021\/05\/Erik-1-1365x2048.jpg 1365w, https:\/\/traullit.se\/wp-content\/uploads\/2021\/05\/Erik-1-scaled.jpg 1707w\" sizes=\"auto, (max-width: 683px) 100vw, 683px\" \/><\/figure>\n\n\n\n<p><strong>Erik R\u00e4\u00e4f<\/strong><br>Chief Executive Officer<br>Technical support<br>Tel. <meta charset=\"utf-8\">+46 73-997 04 86<br><a href=\"mailto:erik@traullit.se\">erik@traullit.se<\/a><\/p>\n<\/div>\n\n\n\n<div class=\"wp-block-column is-layout-flow wp-block-column-is-layout-flow\">\n<figure class=\"wp-block-image size-large\"><img loading=\"lazy\" decoding=\"async\" width=\"683\" height=\"1024\" src=\"https:\/\/traullit.se\/wp-content\/uploads\/2021\/05\/Filip-683x1024.jpg\" alt=\"\" class=\"wp-image-5788\" srcset=\"https:\/\/traullit.se\/wp-content\/uploads\/2021\/05\/Filip-683x1024.jpg 683w, https:\/\/traullit.se\/wp-content\/uploads\/2021\/05\/Filip-200x300.jpg 200w, https:\/\/traullit.se\/wp-content\/uploads\/2021\/05\/Filip-768x1152.jpg 768w, https:\/\/traullit.se\/wp-content\/uploads\/2021\/05\/Filip-1024x1536.jpg 1024w, https:\/\/traullit.se\/wp-content\/uploads\/2021\/05\/Filip-1365x2048.jpg 1365w, https:\/\/traullit.se\/wp-content\/uploads\/2021\/05\/Filip-scaled.jpg 1706w\" sizes=\"auto, (max-width: 683px) 100vw, 683px\" \/><\/figure>\n\n\n\n<p><strong>Filip R\u00e4\u00e4f<\/strong><br>Chief Operative Officer and Economy <br>Administration, purchases, and quotations<br>Tel. <meta charset=\"utf-8\">+46 73-964 04 40<br><a href=\"mailto:filip@traullit.se\" data-type=\"mailto\" data-id=\"mailto:filip@traullit.se\">filip@traullit.se<\/a><\/p>\n<\/div>\n\n\n\n<div class=\"wp-block-column is-layout-flow wp-block-column-is-layout-flow\">\n<p><\/p>\n<\/div>\n<\/div>\n\n \n    <\/div>\n<\/div>\n\n\n\n<div class=\"block-bg reveal \"  >\n    <div id=\"traullit-container-block-block_611119d395169\" class=\"traullit-container-block container px-page-margin-12 px-sm-page-margin-12 px-md-page-margin-20 px-lg-page-margin-24  reveal   \" >\n        \n\n<div class=\"wp-block-columns is-layout-flex wp-container-core-columns-is-layout-9d6595d7 wp-block-columns-is-layout-flex\">\n<div class=\"wp-block-column is-layout-flow wp-block-column-is-layout-flow\">\n<h2 class=\"wp-block-heading\">Architecture<\/h2>\n\n\n\n<p>For technical support and design-related inquiries regarding our architectural products for walls and roofs. <\/p>\n<\/div>\n\n\n\n<div class=\"wp-block-column is-layout-flow wp-block-column-is-layout-flow\">\n<figure class=\"wp-block-image size-large\"><img loading=\"lazy\" decoding=\"async\" width=\"682\" height=\"1024\" src=\"https:\/\/traullit.se\/wp-content\/uploads\/2021\/09\/Mattias-copy-682x1024.jpg\" alt=\"\" class=\"wp-image-7221\" srcset=\"https:\/\/traullit.se\/wp-content\/uploads\/2021\/09\/Mattias-copy-682x1024.jpg 682w, https:\/\/traullit.se\/wp-content\/uploads\/2021\/09\/Mattias-copy-200x300.jpg 200w, https:\/\/traullit.se\/wp-content\/uploads\/2021\/09\/Mattias-copy-768x1152.jpg 768w, https:\/\/traullit.se\/wp-content\/uploads\/2021\/09\/Mattias-copy-1024x1536.jpg 1024w, https:\/\/traullit.se\/wp-content\/uploads\/2021\/09\/Mattias-copy-1365x2048.jpg 1365w, https:\/\/traullit.se\/wp-content\/uploads\/2021\/09\/Mattias-copy.jpg 1706w\" sizes=\"auto, (max-width: 682px) 100vw, 682px\" \/><\/figure>\n\n\n\n<p><strong>Mattias R\u00fcckert<\/strong><br>Architect MSA<br>Technical support<br>Tel. <meta charset=\"utf-8\">+46 70-375 47 92<br><a href=\"mailto:mattias.ryckert@traullit.se\">mattias.ryckert@traullit.se<\/a><\/p>\n<\/div>\n\n\n\n<div class=\"wp-block-column is-layout-flow wp-block-column-is-layout-flow\">\n<p><\/p>\n<\/div>\n\n\n\n<div class=\"wp-block-column is-layout-flow wp-block-column-is-layout-flow\">\n<p><\/p>\n<\/div>\n<\/div>\n\n \n    <\/div>\n<\/div>\n\n\n\n<div class=\"block-bg reveal \"  >\n    <div id=\"traullit-container-block-block_60a540236b5b7\" class=\"traullit-container-block container px-page-margin-12 px-sm-page-margin-12 px-md-page-margin-20 px-lg-page-margin-24  reveal    small-container \" >\n        \n\n<h2 class=\"wp-block-heading\">Do you have additional questions? <strong><strong>Fill out the form below and we will get back to you shortly<\/strong><\/strong>!<\/h2>\n\n\n<div class=\"wpforms-container wpforms-block\" id=\"wpforms-9820\"><form id=\"wpforms-form-9820\" class=\"wpforms-validate wpforms-form wpforms-ajax-form\" data-formid=\"9820\" method=\"post\" enctype=\"multipart\/form-data\" action=\"\/en\/wp-json\/wp\/v2\/pages\/7993\" data-token=\"1d2000cc59dc29df399bbfd82e8a1e6c\" data-token-time=\"1776167709\"><noscript class=\"wpforms-error-noscript\">Please enable JavaScript in your browser to complete this form.<\/noscript><div class=\"wpforms-field-container\"><div id=\"wpforms-9820-field_0-container\" class=\"wpforms-field wpforms-field-name\" data-field-id=\"0\"><label class=\"wpforms-field-label\" for=\"wpforms-9820-field_0\">Name <span class=\"wpforms-required-label\">*<\/span><\/label><input type=\"text\" id=\"wpforms-9820-field_0\" class=\"wpforms-field-large wpforms-field-required\" name=\"wpforms[fields][0]\" required><\/div><div id=\"wpforms-9820-field_3-container\" class=\"wpforms-field wpforms-field-text\" data-field-id=\"3\"><label class=\"wpforms-field-label\" for=\"wpforms-9820-field_3\">Company<\/label><input type=\"text\" id=\"wpforms-9820-field_3\" class=\"wpforms-field-large\" name=\"wpforms[fields][3]\" ><\/div><div id=\"wpforms-9820-field_1-container\" class=\"wpforms-field wpforms-field-email\" data-field-id=\"1\"><label class=\"wpforms-field-label\" for=\"wpforms-9820-field_1\">Email <span class=\"wpforms-required-label\">*<\/span><\/label><input type=\"email\" id=\"wpforms-9820-field_1\" class=\"wpforms-field-large wpforms-field-required\" name=\"wpforms[fields][1]\" spellcheck=\"false\" required><\/div><div id=\"wpforms-9820-field_10-container\" class=\"wpforms-field wpforms-field-text\" data-field-id=\"10\"><label class=\"wpforms-field-label\" for=\"wpforms-9820-field_10\">Telephone<\/label><input type=\"text\" id=\"wpforms-9820-field_10\" class=\"wpforms-field-large\" name=\"wpforms[fields][10]\" ><\/div><div id=\"wpforms-9820-field_2-container\" class=\"wpforms-field wpforms-field-textarea\" data-field-id=\"2\"><label class=\"wpforms-field-label\" for=\"wpforms-9820-field_2\">Message <span class=\"wpforms-required-label\">*<\/span><\/label><textarea id=\"wpforms-9820-field_2\" class=\"wpforms-field-medium wpforms-field-required\" name=\"wpforms[fields][2]\" required><\/textarea><\/div><\/div><!-- .wpforms-field-container --><div class=\"wpforms-recaptcha-container wpforms-is-recaptcha wpforms-is-recaptcha-type-v2\" ><div class=\"g-recaptcha\" data-sitekey=\"6Le6AZ4iAAAAAG4D2FbcwHAqhMrR9ZC4eWK8IhYn\"><\/div><input type=\"text\" name=\"g-recaptcha-hidden\" class=\"wpforms-recaptcha-hidden\" style=\"position:absolute!important;clip:rect(0,0,0,0)!important;height:1px!important;width:1px!important;border:0!important;overflow:hidden!important;padding:0!important;margin:0!important;\" data-rule-recaptcha=\"1\"><\/div><div class=\"wpforms-submit-container\" ><input type=\"hidden\" name=\"wpforms[id]\" value=\"9820\"><input type=\"hidden\" name=\"page_title\" value=\"\"><input type=\"hidden\" name=\"page_url\" value=\"https:\/\/traullit.se\/en\/wp-json\/wp\/v2\/pages\/7993\"><input type=\"hidden\" name=\"url_referer\" value=\"\"><button type=\"submit\" name=\"wpforms[submit]\" id=\"wpforms-submit-9820\" class=\"wpforms-submit btn btn-primary\" data-alt-text=\"Sending...\" data-submit-text=\"Send\" aria-live=\"assertive\" value=\"wpforms-submit\">Send<\/button><img loading=\"lazy\" decoding=\"async\" src=\"https:\/\/traullit.se\/wp-content\/plugins\/wpforms\/assets\/images\/submit-spin.svg\" class=\"wpforms-submit-spinner\" style=\"display: none;\" width=\"26\" height=\"26\" alt=\"Loading\"><\/div><\/form><\/div>  <!-- .wpforms-container -->\n\n\n<div style=\"height:100px\" aria-hidden=\"true\" class=\"wp-block-spacer\"><\/div>\n\n \n    <\/div>\n<\/div>\n\n","protected":false},"excerpt":{"rendered":"","protected":false},"author":1,"featured_media":0,"parent":0,"menu_order":0,"comment_status":"closed","ping_status":"closed","template":"","meta":{"_acf_changed":false,"footnotes":""},"class_list":["post-7993","page","type-page","status-publish","hentry"],"acf":[],"yoast_head":"<!-- This site is optimized with the Yoast SEO plugin v27.3 - https:\/\/yoast.com\/product\/yoast-seo-wordpress\/ -->\n<title>Contact us | Tr\u00e4ullit<\/title>\n<meta name=\"description\" content=\"Contact us Tr\u00e4ullit AB Production and corporate headquartersTr\u00e4ullit ABFabriksgatan 2573 74 Ydre, SwedenTel. +46 381-601 14info@traullit.seFor quotation\" \/>\n<meta name=\"robots\" content=\"index, follow, max-snippet:-1, max-image-preview:large, max-video-preview:-1\" \/>\n<link rel=\"canonical\" href=\"https:\/\/traullit.se\/en\/contact\/\" \/>\n<meta property=\"og:locale\" content=\"en_US\" \/>\n<meta property=\"og:type\" content=\"article\" \/>\n<meta property=\"og:title\" content=\"Contact us | Tr\u00e4ullit\" \/>\n<meta property=\"og:description\" content=\"Contact us Tr\u00e4ullit AB Production and corporate headquartersTr\u00e4ullit ABFabriksgatan 2573 74 Ydre, SwedenTel. +46 381-601 14info@traullit.seFor quotation\" \/>\n<meta property=\"og:url\" content=\"https:\/\/traullit.se\/en\/contact\/\" \/>\n<meta property=\"og:site_name\" content=\"Tr\u00e4ullit\" \/>\n<meta property=\"article:modified_time\" content=\"2022-11-08T15:26:08+00:00\" \/>\n<meta property=\"og:image\" content=\"https:\/\/traullit.se\/wp-content\/uploads\/2021\/09\/Fabriken-1024x683.jpg\" \/>\n<meta name=\"twitter:card\" content=\"summary_large_image\" \/>\n<meta name=\"twitter:label1\" content=\"Est. reading time\" \/>\n\t<meta name=\"twitter:data1\" content=\"1 minute\" \/>\n<script type=\"application\/ld+json\" class=\"yoast-schema-graph\">{\"@context\":\"https:\\\/\\\/schema.org\",\"@graph\":[{\"@type\":\"WebPage\",\"@id\":\"https:\\\/\\\/traullit.se\\\/en\\\/contact\\\/\",\"url\":\"https:\\\/\\\/traullit.se\\\/en\\\/contact\\\/\",\"name\":\"Contact us | Tr\u00e4ullit\",\"isPartOf\":{\"@id\":\"https:\\\/\\\/traullit.se\\\/#website\"},\"primaryImageOfPage\":{\"@id\":\"https:\\\/\\\/traullit.se\\\/en\\\/contact\\\/#primaryimage\"},\"image\":{\"@id\":\"https:\\\/\\\/traullit.se\\\/en\\\/contact\\\/#primaryimage\"},\"thumbnailUrl\":\"https:\\\/\\\/traullit.se\\\/wp-content\\\/uploads\\\/2021\\\/09\\\/Fabriken-1024x683.jpg\",\"datePublished\":\"2021-03-14T14:15:09+00:00\",\"dateModified\":\"2022-11-08T15:26:08+00:00\",\"description\":\"Contact us Tr\u00e4ullit AB Production and corporate headquartersTr\u00e4ullit ABFabriksgatan 2573 74 Ydre, SwedenTel. +46 381-601 14info@traullit.seFor quotation\",\"breadcrumb\":{\"@id\":\"https:\\\/\\\/traullit.se\\\/en\\\/contact\\\/#breadcrumb\"},\"inLanguage\":\"en-US\",\"potentialAction\":[{\"@type\":\"ReadAction\",\"target\":[\"https:\\\/\\\/traullit.se\\\/en\\\/contact\\\/\"]}]},{\"@type\":\"ImageObject\",\"inLanguage\":\"en-US\",\"@id\":\"https:\\\/\\\/traullit.se\\\/en\\\/contact\\\/#primaryimage\",\"url\":\"https:\\\/\\\/traullit.se\\\/wp-content\\\/uploads\\\/2021\\\/09\\\/Fabriken-1024x683.jpg\",\"contentUrl\":\"https:\\\/\\\/traullit.se\\\/wp-content\\\/uploads\\\/2021\\\/09\\\/Fabriken-1024x683.jpg\"},{\"@type\":\"BreadcrumbList\",\"@id\":\"https:\\\/\\\/traullit.se\\\/en\\\/contact\\\/#breadcrumb\",\"itemListElement\":[{\"@type\":\"ListItem\",\"position\":1,\"name\":\"Hem\",\"item\":\"https:\\\/\\\/traullit.se\\\/en\\\/startsida\\\/\"},{\"@type\":\"ListItem\",\"position\":2,\"name\":\"Contact us\"}]},{\"@type\":\"WebSite\",\"@id\":\"https:\\\/\\\/traullit.se\\\/#website\",\"url\":\"https:\\\/\\\/traullit.se\\\/\",\"name\":\"Tr\u00e4ullit\",\"description\":\"Wood wool, water and cement. Since 1946.\",\"potentialAction\":[{\"@type\":\"SearchAction\",\"target\":{\"@type\":\"EntryPoint\",\"urlTemplate\":\"https:\\\/\\\/traullit.se\\\/?s={search_term_string}\"},\"query-input\":{\"@type\":\"PropertyValueSpecification\",\"valueRequired\":true,\"valueName\":\"search_term_string\"}}],\"inLanguage\":\"en-US\"}]}<\/script>\n<!-- \/ Yoast SEO plugin. -->","yoast_head_json":{"title":"Contact us | Tr\u00e4ullit","description":"Contact us Tr\u00e4ullit AB Production and corporate headquartersTr\u00e4ullit ABFabriksgatan 2573 74 Ydre, SwedenTel. +46 381-601 14info@traullit.seFor quotation","robots":{"index":"index","follow":"follow","max-snippet":"max-snippet:-1","max-image-preview":"max-image-preview:large","max-video-preview":"max-video-preview:-1"},"canonical":"https:\/\/traullit.se\/en\/contact\/","og_locale":"en_US","og_type":"article","og_title":"Contact us | Tr\u00e4ullit","og_description":"Contact us Tr\u00e4ullit AB Production and corporate headquartersTr\u00e4ullit ABFabriksgatan 2573 74 Ydre, SwedenTel. +46 381-601 14info@traullit.seFor quotation","og_url":"https:\/\/traullit.se\/en\/contact\/","og_site_name":"Tr\u00e4ullit","article_modified_time":"2022-11-08T15:26:08+00:00","og_image":[{"url":"https:\/\/traullit.se\/wp-content\/uploads\/2021\/09\/Fabriken-1024x683.jpg","type":"","width":"","height":""}],"twitter_card":"summary_large_image","twitter_misc":{"Est. reading time":"1 minute"},"schema":{"@context":"https:\/\/schema.org","@graph":[{"@type":"WebPage","@id":"https:\/\/traullit.se\/en\/contact\/","url":"https:\/\/traullit.se\/en\/contact\/","name":"Contact us | Tr\u00e4ullit","isPartOf":{"@id":"https:\/\/traullit.se\/#website"},"primaryImageOfPage":{"@id":"https:\/\/traullit.se\/en\/contact\/#primaryimage"},"image":{"@id":"https:\/\/traullit.se\/en\/contact\/#primaryimage"},"thumbnailUrl":"https:\/\/traullit.se\/wp-content\/uploads\/2021\/09\/Fabriken-1024x683.jpg","datePublished":"2021-03-14T14:15:09+00:00","dateModified":"2022-11-08T15:26:08+00:00","description":"Contact us Tr\u00e4ullit AB Production and corporate headquartersTr\u00e4ullit ABFabriksgatan 2573 74 Ydre, SwedenTel. +46 381-601 14info@traullit.seFor quotation","breadcrumb":{"@id":"https:\/\/traullit.se\/en\/contact\/#breadcrumb"},"inLanguage":"en-US","potentialAction":[{"@type":"ReadAction","target":["https:\/\/traullit.se\/en\/contact\/"]}]},{"@type":"ImageObject","inLanguage":"en-US","@id":"https:\/\/traullit.se\/en\/contact\/#primaryimage","url":"https:\/\/traullit.se\/wp-content\/uploads\/2021\/09\/Fabriken-1024x683.jpg","contentUrl":"https:\/\/traullit.se\/wp-content\/uploads\/2021\/09\/Fabriken-1024x683.jpg"},{"@type":"BreadcrumbList","@id":"https:\/\/traullit.se\/en\/contact\/#breadcrumb","itemListElement":[{"@type":"ListItem","position":1,"name":"Hem","item":"https:\/\/traullit.se\/en\/startsida\/"},{"@type":"ListItem","position":2,"name":"Contact us"}]},{"@type":"WebSite","@id":"https:\/\/traullit.se\/#website","url":"https:\/\/traullit.se\/","name":"Tr\u00e4ullit","description":"Wood wool, water and cement. Since 1946.","potentialAction":[{"@type":"SearchAction","target":{"@type":"EntryPoint","urlTemplate":"https:\/\/traullit.se\/?s={search_term_string}"},"query-input":{"@type":"PropertyValueSpecification","valueRequired":true,"valueName":"search_term_string"}}],"inLanguage":"en-US"}]}},"_links":{"self":[{"href":"https:\/\/traullit.se\/en\/wp-json\/wp\/v2\/pages\/7993","targetHints":{"allow":["GET"]}}],"collection":[{"href":"https:\/\/traullit.se\/en\/wp-json\/wp\/v2\/pages"}],"about":[{"href":"https:\/\/traullit.se\/en\/wp-json\/wp\/v2\/types\/page"}],"author":[{"embeddable":true,"href":"https:\/\/traullit.se\/en\/wp-json\/wp\/v2\/users\/1"}],"replies":[{"embeddable":true,"href":"https:\/\/traullit.se\/en\/wp-json\/wp\/v2\/comments?post=7993"}],"version-history":[{"count":0,"href":"https:\/\/traullit.se\/en\/wp-json\/wp\/v2\/pages\/7993\/revisions"}],"wp:attachment":[{"href":"https:\/\/traullit.se\/en\/wp-json\/wp\/v2\/media?parent=7993"}],"curies":[{"name":"wp","href":"https:\/\/api.w.org\/{rel}","templated":true}]}}