{"id":7987,"date":"2021-04-14T15:14:32","date_gmt":"2021-04-14T13:14:32","guid":{"rendered":"https:\/\/traullit.se\/foretagsfakta\/"},"modified":"2021-10-08T11:04:45","modified_gmt":"2021-10-08T09:04:45","slug":"foretagsfakta","status":"publish","type":"page","link":"https:\/\/traullit.se\/en\/foretagsfakta\/","title":{"rendered":"F\u00f6retagsfakta"},"content":{"rendered":"<div class=\"block-bg reveal \"  >\n    <div id=\"traullit-container-block-block_6070036bdae96\" class=\"traullit-container-block container px-page-margin-12 px-sm-page-margin-12 px-md-page-margin-20 px-lg-page-margin-24  reveal    small-container \" >\n        \n\n<h1 class=\"has-text-align-center wp-block-heading\"><span class=\"has-inline-color has-bluegray-color\">Naturlig Svensk akustik.<br>Sedan 1946.<\/span><\/h1>\n\n\n\n<p class=\"has-text-align-center\"><br>F\u00f6retaget har sedan starten tillverkat tr\u00e4ullsskivor och tr\u00e4ullsplattor av cementbunden tr\u00e4ull. Tr\u00e4ull av gran, ett fantastiskt material, sprunget ur v\u00e5r natur, sammanfogat med ren cement, ger unika egenskaper \u00e5t ditt hus.<br>V\u00e5rt huvudkontor och fabrik ligger i \u00d6sterbymo i s\u00f6dra \u00d6sterg\u00f6tland.<\/p>\n\n \n    <\/div>\n<\/div>\n\n\n\n<div class=\"block-bg reveal \"  >\n    <div id=\"traullit-container-block-block_60a52c8b10b22\" class=\"traullit-container-block container px-page-margin-12 px-sm-page-margin-12 px-md-page-margin-20 px-lg-page-margin-24  reveal   t-margin-0  \" >\n        \n\n<figure class=\"wp-block-image size-large is-resized is-style-default\"><img loading=\"lazy\" decoding=\"async\" src=\"https:\/\/traullit.se\/wp-content\/uploads\/2021\/05\/asdf.png\" alt=\"\" class=\"wp-image-5614\" width=\"1392\" height=\"600\"\/><\/figure>\n\n \n    <\/div>\n<\/div>\n\n\n\n<div class=\"block-bg reveal \"  >\n    <div id=\"traullit-container-block-block_60a52e79516a4\" class=\"traullit-container-block container px-page-margin-12 px-sm-page-margin-12 px-md-page-margin-20 px-lg-page-margin-24  reveal  b-margin-0   t-margin-0  \" >\n        \n\n<p class=\"has-huge-font-size\">Genom att v\u00e5rda och f\u00f6r\u00e4dla svensk skog samt ta ett positivt ansvar f\u00f6r m\u00e4nniskorna som lever i dess n\u00e4rhet, bidrar Tr\u00e4ullit till en levande svensk landsbygd och en h\u00e5llbar v\u00e4rld f\u00f6r dagens och framtida generationer.<\/p>\n\n \n    <\/div>\n<\/div>\n\n\n\n<div class=\"block-bg reveal \"  >\n    <div id=\"traullit-container-block-block_60a52ea2516a5\" class=\"traullit-container-block container px-page-margin-12 px-sm-page-margin-12 px-md-page-margin-20 px-lg-page-margin-24  reveal   \" >\n        \n\n<div class=\"wp-block-columns is-layout-flex wp-container-core-columns-is-layout-9d6595d7 wp-block-columns-is-layout-flex\">\n<div class=\"wp-block-column is-layout-flow wp-block-column-is-layout-flow\">\n<h2 class=\"wp-block-heading\">Lorem ipsum dolor<\/h2>\n\n\n\n<p>Lorem ipsum dolor sit amet, consectetur adipiscing elit. Vivamus eget tempor nisl, vitae sagittis odio. Mauris tincidunt in quam ornare tristique. Vivamus suscipit enim nec diam pharetra, quis pulvinar ipsum pulvinar. Integer at tristique lorem, non laoreet velit. <\/p>\n\n\n\n<p>Proin dolor tellus, eleifend at dapibus vel, maximus eget ante. Curabitur a arcu at ipsum placerat placerat. Donec vel aliquet mi, in consectetur ante. Ut ut ultricies augue. Sed dictum dapibus commodo. Praesent non nisl laoreet, viverra orci lacinia, aliquam massa. Morbi ligula libero, sollicitudin eu bibendum molestie, pretium id ante. Duis ac purus sit amet ex auctor porttitor. Maecenas sed ex aliquet, aliquam lacus nec, iaculis risus. Etiam aliquet urna augue, ut hendrerit nisi varius nec. Praesent at ipsum non turpis consectetur porttitor id sed mauris. Vestibulum rhoncus consectetur lectus eu vestibulum.<\/p>\n<\/div>\n\n\n\n<div class=\"wp-block-column is-layout-flow wp-block-column-is-layout-flow\">\n<h2 class=\"wp-block-heading\">Sit amet<\/h2>\n\n\n\n<p>Praesent non nisl laoreet, viverra orci lacinia, aliquam massa. Morbi ligula libero, sollicitudin eu bibendum molestie, pretium id ante. <\/p>\n\n\n\n<p>Duis ac purus sit amet ex auctor porttitor. Maecenas sed ex aliquet, aliquam lacus nec, iaculis risus. Etiam aliquet urna augue, ut hendrerit nisi varius nec. Praesent at ipsum non turpis consectetur porttitor id sed mauris. Vestibulum rhoncus consectetur lectus eu vestibulum.<\/p>\n<\/div>\n\n\n\n<div class=\"wp-block-column is-layout-flow wp-block-column-is-layout-flow\"><\/div>\n<\/div>\n\n \n    <\/div>\n<\/div>\n\n","protected":false},"excerpt":{"rendered":"","protected":false},"author":1,"featured_media":0,"parent":0,"menu_order":0,"comment_status":"closed","ping_status":"closed","template":"","meta":{"_acf_changed":false,"footnotes":""},"class_list":["post-7987","page","type-page","status-publish","hentry"],"acf":[],"yoast_head":"<!-- This site is optimized with the Yoast SEO plugin v27.5 - https:\/\/yoast.com\/product\/yoast-seo-wordpress\/ -->\n<title>F\u00f6retagsfakta | Tr\u00e4ullit<\/title>\n<meta name=\"description\" content=\"Naturlig Svensk akustik.Sedan 1946. F\u00f6retaget har sedan starten tillverkat tr\u00e4ullsskivor och tr\u00e4ullsplattor av cementbunden tr\u00e4ull. Tr\u00e4ull av gran, ett\" \/>\n<meta name=\"robots\" content=\"index, follow, max-snippet:-1, max-image-preview:large, max-video-preview:-1\" \/>\n<link rel=\"canonical\" href=\"https:\/\/traullit.se\/foretagsfakta\/\" \/>\n<meta property=\"og:locale\" content=\"en_US\" \/>\n<meta property=\"og:type\" content=\"article\" \/>\n<meta property=\"og:title\" content=\"F\u00f6retagsfakta | Tr\u00e4ullit\" \/>\n<meta property=\"og:description\" content=\"Naturlig Svensk akustik.Sedan 1946. F\u00f6retaget har sedan starten tillverkat tr\u00e4ullsskivor och tr\u00e4ullsplattor av cementbunden tr\u00e4ull. Tr\u00e4ull av gran, ett\" \/>\n<meta property=\"og:url\" content=\"https:\/\/traullit.se\/foretagsfakta\/\" \/>\n<meta property=\"og:site_name\" content=\"Tr\u00e4ullit\" \/>\n<meta property=\"article:modified_time\" content=\"2021-10-08T09:04:45+00:00\" \/>\n<meta property=\"og:image\" content=\"https:\/\/traullit.se\/wp-content\/uploads\/2021\/05\/asdf.png\" \/>\n<meta name=\"twitter:card\" content=\"summary_large_image\" \/>\n<meta name=\"twitter:label1\" content=\"Est. reading time\" \/>\n\t<meta name=\"twitter:data1\" content=\"1 minute\" \/>\n<script type=\"application\/ld+json\" class=\"yoast-schema-graph\">{\"@context\":\"https:\\\/\\\/schema.org\",\"@graph\":[{\"@type\":\"WebPage\",\"@id\":\"https:\\\/\\\/traullit.se\\\/foretagsfakta\\\/\",\"url\":\"https:\\\/\\\/traullit.se\\\/foretagsfakta\\\/\",\"name\":\"F\u00f6retagsfakta | Tr\u00e4ullit\",\"isPartOf\":{\"@id\":\"https:\\\/\\\/traullit.se\\\/#website\"},\"primaryImageOfPage\":{\"@id\":\"https:\\\/\\\/traullit.se\\\/foretagsfakta\\\/#primaryimage\"},\"image\":{\"@id\":\"https:\\\/\\\/traullit.se\\\/foretagsfakta\\\/#primaryimage\"},\"thumbnailUrl\":\"https:\\\/\\\/traullit.se\\\/wp-content\\\/uploads\\\/2021\\\/05\\\/asdf.png\",\"datePublished\":\"2021-04-14T13:14:32+00:00\",\"dateModified\":\"2021-10-08T09:04:45+00:00\",\"description\":\"Naturlig Svensk akustik.Sedan 1946. F\u00f6retaget har sedan starten tillverkat tr\u00e4ullsskivor och tr\u00e4ullsplattor av cementbunden tr\u00e4ull. Tr\u00e4ull av gran, ett\",\"breadcrumb\":{\"@id\":\"https:\\\/\\\/traullit.se\\\/foretagsfakta\\\/#breadcrumb\"},\"inLanguage\":\"en-US\",\"potentialAction\":[{\"@type\":\"ReadAction\",\"target\":[\"https:\\\/\\\/traullit.se\\\/foretagsfakta\\\/\"]}]},{\"@type\":\"ImageObject\",\"inLanguage\":\"en-US\",\"@id\":\"https:\\\/\\\/traullit.se\\\/foretagsfakta\\\/#primaryimage\",\"url\":\"https:\\\/\\\/traullit.se\\\/wp-content\\\/uploads\\\/2021\\\/05\\\/asdf.png\",\"contentUrl\":\"https:\\\/\\\/traullit.se\\\/wp-content\\\/uploads\\\/2021\\\/05\\\/asdf.png\"},{\"@type\":\"BreadcrumbList\",\"@id\":\"https:\\\/\\\/traullit.se\\\/foretagsfakta\\\/#breadcrumb\",\"itemListElement\":[{\"@type\":\"ListItem\",\"position\":1,\"name\":\"Hem\",\"item\":\"https:\\\/\\\/traullit.se\\\/en\\\/startsida\\\/\"},{\"@type\":\"ListItem\",\"position\":2,\"name\":\"F\u00f6retagsfakta\"}]},{\"@type\":\"WebSite\",\"@id\":\"https:\\\/\\\/traullit.se\\\/#website\",\"url\":\"https:\\\/\\\/traullit.se\\\/\",\"name\":\"Tr\u00e4ullit\",\"description\":\"Wood wool, water and cement. Since 1946.\",\"potentialAction\":[{\"@type\":\"SearchAction\",\"target\":{\"@type\":\"EntryPoint\",\"urlTemplate\":\"https:\\\/\\\/traullit.se\\\/?s={search_term_string}\"},\"query-input\":{\"@type\":\"PropertyValueSpecification\",\"valueRequired\":true,\"valueName\":\"search_term_string\"}}],\"inLanguage\":\"en-US\"}]}<\/script>\n<!-- \/ Yoast SEO plugin. -->","yoast_head_json":{"title":"F\u00f6retagsfakta | Tr\u00e4ullit","description":"Naturlig Svensk akustik.Sedan 1946. F\u00f6retaget har sedan starten tillverkat tr\u00e4ullsskivor och tr\u00e4ullsplattor av cementbunden tr\u00e4ull. Tr\u00e4ull av gran, ett","robots":{"index":"index","follow":"follow","max-snippet":"max-snippet:-1","max-image-preview":"max-image-preview:large","max-video-preview":"max-video-preview:-1"},"canonical":"https:\/\/traullit.se\/foretagsfakta\/","og_locale":"en_US","og_type":"article","og_title":"F\u00f6retagsfakta | Tr\u00e4ullit","og_description":"Naturlig Svensk akustik.Sedan 1946. F\u00f6retaget har sedan starten tillverkat tr\u00e4ullsskivor och tr\u00e4ullsplattor av cementbunden tr\u00e4ull. Tr\u00e4ull av gran, ett","og_url":"https:\/\/traullit.se\/foretagsfakta\/","og_site_name":"Tr\u00e4ullit","article_modified_time":"2021-10-08T09:04:45+00:00","og_image":[{"url":"https:\/\/traullit.se\/wp-content\/uploads\/2021\/05\/asdf.png","type":"","width":"","height":""}],"twitter_card":"summary_large_image","twitter_misc":{"Est. reading time":"1 minute"},"schema":{"@context":"https:\/\/schema.org","@graph":[{"@type":"WebPage","@id":"https:\/\/traullit.se\/foretagsfakta\/","url":"https:\/\/traullit.se\/foretagsfakta\/","name":"F\u00f6retagsfakta | Tr\u00e4ullit","isPartOf":{"@id":"https:\/\/traullit.se\/#website"},"primaryImageOfPage":{"@id":"https:\/\/traullit.se\/foretagsfakta\/#primaryimage"},"image":{"@id":"https:\/\/traullit.se\/foretagsfakta\/#primaryimage"},"thumbnailUrl":"https:\/\/traullit.se\/wp-content\/uploads\/2021\/05\/asdf.png","datePublished":"2021-04-14T13:14:32+00:00","dateModified":"2021-10-08T09:04:45+00:00","description":"Naturlig Svensk akustik.Sedan 1946. F\u00f6retaget har sedan starten tillverkat tr\u00e4ullsskivor och tr\u00e4ullsplattor av cementbunden tr\u00e4ull. Tr\u00e4ull av gran, ett","breadcrumb":{"@id":"https:\/\/traullit.se\/foretagsfakta\/#breadcrumb"},"inLanguage":"en-US","potentialAction":[{"@type":"ReadAction","target":["https:\/\/traullit.se\/foretagsfakta\/"]}]},{"@type":"ImageObject","inLanguage":"en-US","@id":"https:\/\/traullit.se\/foretagsfakta\/#primaryimage","url":"https:\/\/traullit.se\/wp-content\/uploads\/2021\/05\/asdf.png","contentUrl":"https:\/\/traullit.se\/wp-content\/uploads\/2021\/05\/asdf.png"},{"@type":"BreadcrumbList","@id":"https:\/\/traullit.se\/foretagsfakta\/#breadcrumb","itemListElement":[{"@type":"ListItem","position":1,"name":"Hem","item":"https:\/\/traullit.se\/en\/startsida\/"},{"@type":"ListItem","position":2,"name":"F\u00f6retagsfakta"}]},{"@type":"WebSite","@id":"https:\/\/traullit.se\/#website","url":"https:\/\/traullit.se\/","name":"Tr\u00e4ullit","description":"Wood wool, water and cement. Since 1946.","potentialAction":[{"@type":"SearchAction","target":{"@type":"EntryPoint","urlTemplate":"https:\/\/traullit.se\/?s={search_term_string}"},"query-input":{"@type":"PropertyValueSpecification","valueRequired":true,"valueName":"search_term_string"}}],"inLanguage":"en-US"}]}},"_links":{"self":[{"href":"https:\/\/traullit.se\/en\/wp-json\/wp\/v2\/pages\/7987","targetHints":{"allow":["GET"]}}],"collection":[{"href":"https:\/\/traullit.se\/en\/wp-json\/wp\/v2\/pages"}],"about":[{"href":"https:\/\/traullit.se\/en\/wp-json\/wp\/v2\/types\/page"}],"author":[{"embeddable":true,"href":"https:\/\/traullit.se\/en\/wp-json\/wp\/v2\/users\/1"}],"replies":[{"embeddable":true,"href":"https:\/\/traullit.se\/en\/wp-json\/wp\/v2\/comments?post=7987"}],"version-history":[{"count":0,"href":"https:\/\/traullit.se\/en\/wp-json\/wp\/v2\/pages\/7987\/revisions"}],"wp:attachment":[{"href":"https:\/\/traullit.se\/en\/wp-json\/wp\/v2\/media?parent=7987"}],"curies":[{"name":"wp","href":"https:\/\/api.w.org\/{rel}","templated":true}]}}